{"id":759,"date":"2023-09-13T08:29:16","date_gmt":"2023-09-13T08:29:16","guid":{"rendered":"https:\/\/mayamilcent.com\/?page_id=759"},"modified":"2023-12-06T02:21:11","modified_gmt":"2023-12-06T02:21:11","slug":"blog","status":"publish","type":"page","link":"https:\/\/mayamilcent.com\/en\/blog\/","title":{"rendered":"Blog"},"content":{"rendered":"<p>[et_pb_section fb_built=\u00a0\u00bb1&Prime; admin_label=\u00a0\u00bbHero\u00a0\u00bb _builder_version=\u00a0\u00bb4.22.1&Prime; background_image=\u00a0\u00bbhttps:\/\/mayamilcent.com\/wp-content\/uploads\/2023\/09\/pexels-pixabay-434563-scaled.jpg\u00a0\u00bb min_height=\u00a0\u00bb283px\u00a0\u00bb custom_margin=\u00a0\u00bb||||false\u00a0\u00bb custom_padding=\u00a0\u00bb3vw||3vw||false|false\u00a0\u00bb bottom_divider_style=\u00a0\u00bbcurve\u00a0\u00bb bottom_divider_color=\u00a0\u00bb#FFFFFF\u00a0\u00bb bottom_divider_height=\u00a0\u00bb2.5vw\u00a0\u00bb global_colors_info=\u00a0\u00bb{}\u00a0\u00bb][et_pb_row _builder_version=\u00a0\u00bb4.16&Prime; custom_margin=\u00a0\u00bb0px|auto||auto||\u00a0\u00bb animation_style=\u00a0\u00bbfade\u00a0\u00bb global_colors_info=\u00a0\u00bb{}\u00a0\u00bb][et_pb_column type=\u00a0\u00bb4_4&Prime; _builder_version=\u00a0\u00bb4.16&Prime; custom_padding=\u00a0\u00bb|||\u00a0\u00bb global_colors_info=\u00a0\u00bb{}\u00a0\u00bb custom_padding__hover=\u00a0\u00bb|||\u00a0\u00bb][et_pb_text _builder_version=\u00a0\u00bb4.16&Prime; text_font=\u00a0\u00bb||||||||\u00a0\u00bb text_font_size=\u00a0\u00bb18px\u00a0\u00bb text_line_height=\u00a0\u00bb2em\u00a0\u00bb header_font=\u00a0\u00bbArial|700|||||||\u00a0\u00bb header_text_color=\u00a0\u00bb#FFFFFF\u00a0\u00bb header_font_size=\u00a0\u00bb70px\u00a0\u00bb header_line_height=\u00a0\u00bb1.4em\u00a0\u00bb text_orientation=\u00a0\u00bbcenter\u00a0\u00bb max_width=\u00a0\u00bb700px\u00a0\u00bb module_alignment=\u00a0\u00bbcenter\u00a0\u00bb header_font_size_tablet=\u00a0\u00bb40px\u00a0\u00bb header_font_size_phone=\u00a0\u00bb32px\u00a0\u00bb header_font_size_last_edited=\u00a0\u00bbon|desktop\u00a0\u00bb global_colors_info=\u00a0\u00bb{}\u00a0\u00bb]<\/p>\n<h1>Mon blog<\/h1>\n<p>[\/et_pb_text][et_pb_button button_url=\u00a0\u00bbhttps:\/\/calendly.com\/mayamilcent\/session-individuelle-de-therapie-holistique\u00a0\u00bb button_text=\u00a0\u00bbPrendre RDV\u00a0\u00bb button_alignment=\u00a0\u00bbcenter\u00a0\u00bb _builder_version=\u00a0\u00bb4.22.1&Prime; custom_button=\u00a0\u00bbon\u00a0\u00bb button_text_size=\u00a0\u00bb16px\u00a0\u00bb button_text_color=\u00a0\u00bb#ffffff\u00a0\u00bb button_bg_color=\u00a0\u00bb#0C71C3&Prime; button_border_color=\u00a0\u00bbrgba(0,0,0,0)\u00a0\u00bb button_border_radius=\u00a0\u00bb100px\u00a0\u00bb button_letter_spacing=\u00a0\u00bb2px\u00a0\u00bb button_font=\u00a0\u00bbLato|900|||||||\u00a0\u00bb button_icon=\u00a0\u00bb&#x35;||divi||400&Prime; button_icon_placement=\u00a0\u00bbleft\u00a0\u00bb button_on_hover=\u00a0\u00bboff\u00a0\u00bb custom_margin=\u00a0\u00bb||||false|false\u00a0\u00bb custom_padding=\u00a0\u00bb16px|50px|16px|50px|true|true\u00a0\u00bb box_shadow_style=\u00a0\u00bbpreset2&Prime; box_shadow_color=\u00a0\u00bbrgba(100,162,193,0.4)\u00a0\u00bb button_letter_spacing_hover=\u00a0\u00bb2px\u00a0\u00bb locked=\u00a0\u00bboff\u00a0\u00bb global_colors_info=\u00a0\u00bb{}\u00a0\u00bb button_text_size__hover_enabled=\u00a0\u00bboff\u00a0\u00bb button_one_text_size__hover_enabled=\u00a0\u00bboff\u00a0\u00bb button_two_text_size__hover_enabled=\u00a0\u00bboff\u00a0\u00bb button_text_color__hover_enabled=\u00a0\u00bboff\u00a0\u00bb button_one_text_color__hover_enabled=\u00a0\u00bboff\u00a0\u00bb button_two_text_color__hover_enabled=\u00a0\u00bboff\u00a0\u00bb button_border_width__hover_enabled=\u00a0\u00bboff\u00a0\u00bb button_one_border_width__hover_enabled=\u00a0\u00bboff\u00a0\u00bb button_two_border_width__hover_enabled=\u00a0\u00bboff\u00a0\u00bb button_border_color__hover_enabled=\u00a0\u00bboff\u00a0\u00bb button_one_border_color__hover_enabled=\u00a0\u00bboff\u00a0\u00bb button_two_border_color__hover_enabled=\u00a0\u00bboff\u00a0\u00bb button_border_radius__hover_enabled=\u00a0\u00bboff\u00a0\u00bb button_one_border_radius__hover_enabled=\u00a0\u00bboff\u00a0\u00bb button_two_border_radius__hover_enabled=\u00a0\u00bboff\u00a0\u00bb button_letter_spacing__hover_enabled=\u00a0\u00bbon|desktop\u00a0\u00bb button_letter_spacing__hover=\u00a0\u00bb2px\u00a0\u00bb button_one_letter_spacing__hover_enabled=\u00a0\u00bboff\u00a0\u00bb button_two_letter_spacing__hover_enabled=\u00a0\u00bboff\u00a0\u00bb button_bg_color__hover_enabled=\u00a0\u00bboff\u00a0\u00bb button_one_bg_color__hover_enabled=\u00a0\u00bboff\u00a0\u00bb button_two_bg_color__hover_enabled=\u00a0\u00bboff\u00a0\u00bb][\/et_pb_button][\/et_pb_column][\/et_pb_row][\/et_pb_section][et_pb_section fb_built=\u00a0\u00bb1&Prime; admin_label=\u00a0\u00bbBlog\u00a0\u00bb _builder_version=\u00a0\u00bb4.16&Prime; custom_padding=\u00a0\u00bb53px|1px|53.4688px|0px|false|false\u00a0\u00bb global_colors_info=\u00a0\u00bb{}\u00a0\u00bb][et_pb_row column_structure=\u00a0\u00bb1_3,1_3,1_3&Prime; use_custom_gutter=\u00a0\u00bbon\u00a0\u00bb _builder_version=\u00a0\u00bb4.16&Prime; global_colors_info=\u00a0\u00bb{}\u00a0\u00bb][et_pb_column type=\u00a0\u00bb1_3&Prime; _builder_version=\u00a0\u00bb4.16&Prime; custom_padding=\u00a0\u00bb|||\u00a0\u00bb global_colors_info=\u00a0\u00bb{}\u00a0\u00bb custom_padding__hover=\u00a0\u00bb|||\u00a0\u00bb][et_pb_blog fullwidth=\u00a0\u00bboff\u00a0\u00bb include_categories=\u00a0\u00bb8&Prime; show_author=\u00a0\u00bboff\u00a0\u00bb show_categories=\u00a0\u00bboff\u00a0\u00bb _builder_version=\u00a0\u00bb4.22.1&Prime; _module_preset=\u00a0\u00bbdefault\u00a0\u00bb global_colors_info=\u00a0\u00bb{}\u00a0\u00bb][\/et_pb_blog][\/et_pb_column][et_pb_column type=\u00a0\u00bb1_3&Prime; _builder_version=\u00a0\u00bb4.16&Prime; custom_padding=\u00a0\u00bb|||\u00a0\u00bb global_colors_info=\u00a0\u00bb{}\u00a0\u00bb custom_padding__hover=\u00a0\u00bb|||\u00a0\u00bb][et_pb_blog fullwidth=\u00a0\u00bboff\u00a0\u00bb include_categories=\u00a0\u00bb9&Prime; show_more=\u00a0\u00bbon\u00a0\u00bb _builder_version=\u00a0\u00bb4.23.1&Prime; _module_preset=\u00a0\u00bbdefault\u00a0\u00bb hover_enabled=\u00a0\u00bb0&Prime; global_colors_info=\u00a0\u00bb{}\u00a0\u00bb show_thumbnail=\u00a0\u00bboff\u00a0\u00bb show_thumbnail_last_edited=\u00a0\u00bbon|phone\u00a0\u00bb sticky_enabled=\u00a0\u00bb0&Prime; show_thumbnail_phone=\u00a0\u00bbon\u00a0\u00bb show_thumbnail_tablet=\u00a0\u00bboff\u00a0\u00bb][\/et_pb_blog][\/et_pb_column][et_pb_column type=\u00a0\u00bb1_3&Prime; _builder_version=\u00a0\u00bb4.16&Prime; custom_padding=\u00a0\u00bb|||\u00a0\u00bb global_colors_info=\u00a0\u00bb{}\u00a0\u00bb custom_padding__hover=\u00a0\u00bb|||\u00a0\u00bb][\/et_pb_column][\/et_pb_row][\/et_pb_section]<\/p>\n","protected":false},"excerpt":{"rendered":"<p>Mon blog<\/p>","protected":false},"author":1,"featured_media":0,"parent":0,"menu_order":0,"comment_status":"closed","ping_status":"closed","template":"","meta":{"_et_pb_use_builder":"on","_et_pb_old_content":"","_et_gb_content_width":"","footnotes":""},"class_list":["post-759","page","type-page","status-publish","hentry"],"yoast_head":"<!-- This site is optimized with the Yoast SEO plugin v27.4 - https:\/\/yoast.com\/product\/yoast-seo-wordpress\/ -->\n<title>Blog - Th&eacute;rapeute Holistique<\/title>\n<meta name=\"description\" content=\"D\u00e9couvrez comment un th\u00e9rapeute holistique peut soulager la souffrance, r\u00e9tablir l&#039;\u00e9quilibre corps-esprit, et am\u00e9liorer votre bien-\u00eatre.\" \/>\n<meta name=\"robots\" content=\"index, follow, max-snippet:-1, max-image-preview:large, max-video-preview:-1\" \/>\n<link rel=\"canonical\" href=\"https:\/\/mayamilcent.com\/en\/blog\/\" \/>\n<meta property=\"og:locale\" content=\"en_GB\" \/>\n<meta property=\"og:type\" content=\"article\" \/>\n<meta property=\"og:title\" content=\"Blog - Th&eacute;rapeute Holistique\" \/>\n<meta property=\"og:description\" content=\"D\u00e9couvrez comment un th\u00e9rapeute holistique peut soulager la souffrance, r\u00e9tablir l&#039;\u00e9quilibre corps-esprit, et am\u00e9liorer votre bien-\u00eatre.\" \/>\n<meta property=\"og:url\" content=\"https:\/\/mayamilcent.com\/en\/blog\/\" \/>\n<meta property=\"og:site_name\" content=\"Th&eacute;rapeute Holistique\" \/>\n<meta property=\"article:modified_time\" content=\"2023-12-06T02:21:11+00:00\" \/>\n<meta name=\"twitter:card\" content=\"summary_large_image\" \/>\n<meta name=\"twitter:label1\" content=\"Estimated reading time\" \/>\n\t<meta name=\"twitter:data1\" content=\"1 minute\" \/>\n<script type=\"application\/ld+json\" class=\"yoast-schema-graph\">{\"@context\":\"https:\\\/\\\/schema.org\",\"@graph\":[{\"@type\":\"WebPage\",\"@id\":\"https:\\\/\\\/mayamilcent.com\\\/blog\\\/\",\"url\":\"https:\\\/\\\/mayamilcent.com\\\/blog\\\/\",\"name\":\"Blog - Th&eacute;rapeute Holistique\",\"isPartOf\":{\"@id\":\"https:\\\/\\\/mayamilcent.com\\\/#website\"},\"datePublished\":\"2023-09-13T08:29:16+00:00\",\"dateModified\":\"2023-12-06T02:21:11+00:00\",\"description\":\"D\u00e9couvrez comment un th\u00e9rapeute holistique peut soulager la souffrance, r\u00e9tablir l'\u00e9quilibre corps-esprit, et am\u00e9liorer votre bien-\u00eatre.\",\"breadcrumb\":{\"@id\":\"https:\\\/\\\/mayamilcent.com\\\/blog\\\/#breadcrumb\"},\"inLanguage\":\"en-GB\",\"potentialAction\":[{\"@type\":\"ReadAction\",\"target\":[\"https:\\\/\\\/mayamilcent.com\\\/blog\\\/\"]}]},{\"@type\":\"BreadcrumbList\",\"@id\":\"https:\\\/\\\/mayamilcent.com\\\/blog\\\/#breadcrumb\",\"itemListElement\":[{\"@type\":\"ListItem\",\"position\":1,\"name\":\"Home\",\"item\":\"https:\\\/\\\/mayamilcent.com\\\/\"},{\"@type\":\"ListItem\",\"position\":2,\"name\":\"Blog\"}]},{\"@type\":\"WebSite\",\"@id\":\"https:\\\/\\\/mayamilcent.com\\\/#website\",\"url\":\"https:\\\/\\\/mayamilcent.com\\\/\",\"name\":\"Th&eacute;rapeute Holistique\",\"description\":\"Trouver apaisement apr&egrave;s la souffrance\",\"publisher\":{\"@id\":\"https:\\\/\\\/mayamilcent.com\\\/#\\\/schema\\\/person\\\/03058778ec7788a2bfa10fab243a7118\"},\"potentialAction\":[{\"@type\":\"SearchAction\",\"target\":{\"@type\":\"EntryPoint\",\"urlTemplate\":\"https:\\\/\\\/mayamilcent.com\\\/?s={search_term_string}\"},\"query-input\":{\"@type\":\"PropertyValueSpecification\",\"valueRequired\":true,\"valueName\":\"search_term_string\"}}],\"inLanguage\":\"en-GB\"},{\"@type\":[\"Person\",\"Organization\"],\"@id\":\"https:\\\/\\\/mayamilcent.com\\\/#\\\/schema\\\/person\\\/03058778ec7788a2bfa10fab243a7118\",\"name\":\"admin\",\"image\":{\"@type\":\"ImageObject\",\"inLanguage\":\"en-GB\",\"@id\":\"https:\\\/\\\/mayamilcent.com\\\/wp-content\\\/uploads\\\/2023\\\/09\\\/Background-picture.jpg\",\"url\":\"https:\\\/\\\/mayamilcent.com\\\/wp-content\\\/uploads\\\/2023\\\/09\\\/Background-picture.jpg\",\"contentUrl\":\"https:\\\/\\\/mayamilcent.com\\\/wp-content\\\/uploads\\\/2023\\\/09\\\/Background-picture.jpg\",\"width\":2201,\"height\":1467,\"caption\":\"admin\"},\"logo\":{\"@id\":\"https:\\\/\\\/mayamilcent.com\\\/wp-content\\\/uploads\\\/2023\\\/09\\\/Background-picture.jpg\"},\"sameAs\":[\"https:\\\/\\\/mayamilcent.com\"]}]}<\/script>\n<!-- \/ Yoast SEO plugin. -->","yoast_head_json":{"title":"Blog - Th&eacute;rapeute Holistique","description":"D\u00e9couvrez comment un th\u00e9rapeute holistique peut soulager la souffrance, r\u00e9tablir l'\u00e9quilibre corps-esprit, et am\u00e9liorer votre bien-\u00eatre.","robots":{"index":"index","follow":"follow","max-snippet":"max-snippet:-1","max-image-preview":"max-image-preview:large","max-video-preview":"max-video-preview:-1"},"canonical":"https:\/\/mayamilcent.com\/en\/blog\/","og_locale":"en_GB","og_type":"article","og_title":"Blog - Th&eacute;rapeute Holistique","og_description":"D\u00e9couvrez comment un th\u00e9rapeute holistique peut soulager la souffrance, r\u00e9tablir l'\u00e9quilibre corps-esprit, et am\u00e9liorer votre bien-\u00eatre.","og_url":"https:\/\/mayamilcent.com\/en\/blog\/","og_site_name":"Th&eacute;rapeute Holistique","article_modified_time":"2023-12-06T02:21:11+00:00","twitter_card":"summary_large_image","twitter_misc":{"Estimated reading time":"1 minute"},"schema":{"@context":"https:\/\/schema.org","@graph":[{"@type":"WebPage","@id":"https:\/\/mayamilcent.com\/blog\/","url":"https:\/\/mayamilcent.com\/blog\/","name":"Blog - Th&eacute;rapeute Holistique","isPartOf":{"@id":"https:\/\/mayamilcent.com\/#website"},"datePublished":"2023-09-13T08:29:16+00:00","dateModified":"2023-12-06T02:21:11+00:00","description":"D\u00e9couvrez comment un th\u00e9rapeute holistique peut soulager la souffrance, r\u00e9tablir l'\u00e9quilibre corps-esprit, et am\u00e9liorer votre bien-\u00eatre.","breadcrumb":{"@id":"https:\/\/mayamilcent.com\/blog\/#breadcrumb"},"inLanguage":"en-GB","potentialAction":[{"@type":"ReadAction","target":["https:\/\/mayamilcent.com\/blog\/"]}]},{"@type":"BreadcrumbList","@id":"https:\/\/mayamilcent.com\/blog\/#breadcrumb","itemListElement":[{"@type":"ListItem","position":1,"name":"Home","item":"https:\/\/mayamilcent.com\/"},{"@type":"ListItem","position":2,"name":"Blog"}]},{"@type":"WebSite","@id":"https:\/\/mayamilcent.com\/#website","url":"https:\/\/mayamilcent.com\/","name":"Th&eacute;rapeute Holistique","description":"Trouver apaisement apr&egrave;s la souffrance","publisher":{"@id":"https:\/\/mayamilcent.com\/#\/schema\/person\/03058778ec7788a2bfa10fab243a7118"},"potentialAction":[{"@type":"SearchAction","target":{"@type":"EntryPoint","urlTemplate":"https:\/\/mayamilcent.com\/?s={search_term_string}"},"query-input":{"@type":"PropertyValueSpecification","valueRequired":true,"valueName":"search_term_string"}}],"inLanguage":"en-GB"},{"@type":["Person","Organization"],"@id":"https:\/\/mayamilcent.com\/#\/schema\/person\/03058778ec7788a2bfa10fab243a7118","name":"admin","image":{"@type":"ImageObject","inLanguage":"en-GB","@id":"https:\/\/mayamilcent.com\/wp-content\/uploads\/2023\/09\/Background-picture.jpg","url":"https:\/\/mayamilcent.com\/wp-content\/uploads\/2023\/09\/Background-picture.jpg","contentUrl":"https:\/\/mayamilcent.com\/wp-content\/uploads\/2023\/09\/Background-picture.jpg","width":2201,"height":1467,"caption":"admin"},"logo":{"@id":"https:\/\/mayamilcent.com\/wp-content\/uploads\/2023\/09\/Background-picture.jpg"},"sameAs":["https:\/\/mayamilcent.com"]}]}},"_links":{"self":[{"href":"https:\/\/mayamilcent.com\/en\/wp-json\/wp\/v2\/pages\/759","targetHints":{"allow":["GET"]}}],"collection":[{"href":"https:\/\/mayamilcent.com\/en\/wp-json\/wp\/v2\/pages"}],"about":[{"href":"https:\/\/mayamilcent.com\/en\/wp-json\/wp\/v2\/types\/page"}],"author":[{"embeddable":true,"href":"https:\/\/mayamilcent.com\/en\/wp-json\/wp\/v2\/users\/1"}],"replies":[{"embeddable":true,"href":"https:\/\/mayamilcent.com\/en\/wp-json\/wp\/v2\/comments?post=759"}],"version-history":[{"count":10,"href":"https:\/\/mayamilcent.com\/en\/wp-json\/wp\/v2\/pages\/759\/revisions"}],"predecessor-version":[{"id":948,"href":"https:\/\/mayamilcent.com\/en\/wp-json\/wp\/v2\/pages\/759\/revisions\/948"}],"wp:attachment":[{"href":"https:\/\/mayamilcent.com\/en\/wp-json\/wp\/v2\/media?parent=759"}],"curies":[{"name":"wp","href":"https:\/\/api.w.org\/{rel}","templated":true}]}}